{"id":1956,"date":"2024-03-19T17:52:05","date_gmt":"2024-03-19T17:52:05","guid":{"rendered":"https:\/\/www.medmpaforum.org\/enregistrer-un-engagement\/"},"modified":"2024-06-28T06:04:28","modified_gmt":"2024-06-28T06:04:28","slug":"enregistrer-un-engagement","status":"publish","type":"page","link":"https:\/\/www.medmpaforum.org\/fr\/enregistrer-un-engagement\/","title":{"rendered":"Enregistrer un engagement"},"content":{"rendered":"\n<p>Avant de remplir le formulaire, nous vous invitons \u00e0 consulter <a href=\"https:\/\/www.medmpaforum.org\/fr\/la-feuille-de-route-pour-lapres-2020\/\">la feuille de route post-2020 <\/a> qui comprend une vision, six objectifs strat\u00e9giques et des recommandations sur la mani\u00e8re d&rsquo;atteindre ces objectifs.<\/p>\n\n\n\n<p>Par vos actions en cours ou pr\u00e9vues, vous contribuez peut-\u00eatre d\u00e9j\u00e0 \u00e0 faire avancer la feuille de route. A partir d&rsquo;aujourd&rsquo;hui, vous pouvez identifier les objectifs strat\u00e9giques, les recommandations et les indicateurs de la feuille de route dans lesquels vos actions sont d\u00e9velopp\u00e9es.<\/p>\n\n\n\n<p>Vos donn\u00e9es permettront de suivre plus pr\u00e9cis\u00e9ment nos progr\u00e8s collectifs vers les objectifs strat\u00e9giques et les recommandations de la feuille de route, ainsi que vers les objectifs r\u00e9gionaux convenus dans le cadre de la convention de Barcelone, du SAPBIO et de la strat\u00e9gie des AMPC et des OECM. <\/p>\n\n\n\n<p>Dans la premi\u00e8re section du formulaire, vous indiquerez vos informations personnelles avec votre email. Cela vous permettra de sauvegarder votre travail et de revenir plus tard pour continuer \u00e0 remplir le formulaire.<\/p>\n\n\n\n<p>Une <a href=\"https:\/\/www.medmpaforum.org\/fr\/decouvrez-les-engagements-de-la-communaute-des-amp\/#FAQEN\" data-type=\"internal\" data-id=\"#FAQEN\" target=\"_blank\" rel=\"noreferrer noopener\">section FAQ <\/a> est disponible sur le site web, et <a href=\"https:\/\/www.medmpaforum.org\/fr\/contactez-le-forum\/\">l&rsquo;\u00e9quipe du Forum des AMP de M\u00e9diterran\u00e9e <\/a> sera \u00e0 votre disposition pour toute question ou probl\u00e8me concernant les engagements.<\/p>\n\n\n\n<p>Avant de publier votre engagement sur le site web, un membre de l&rsquo;\u00e9quipe du Forum des AMP de M\u00e9diterran\u00e9e examinera votre engagement et vous contactera pour le confirmer.<\/p>\n\n\n\n<p>Merci beaucoup pour votre contribution !<\/p>\n\n\n\n<p>Les Aires Marines Prot\u00e9g\u00e9es sont l&rsquo;affaire de tous !<\/p>\n\n\n\n<p>Le Forum des AMP de M\u00e9diterran\u00e9e<\/p>\n\n\n\n<div class=\"wp-block-buttons is-content-justification-center is-layout-flex wp-container-core-buttons-is-layout-a89b3969 wp-block-buttons-is-layout-flex\">\n<div class=\"wp-block-button\"><a class=\"wp-block-button__link wp-element-button\" href=\"https:\/\/www.medmpaforum.org\/fr\/enregistrer-un-engagement\/soumettre-votre-engagement\/\">Soumettre votre engagement<\/a><\/div>\n<\/div>\n\n\n\n<div style=\"height:50px\" aria-hidden=\"true\" class=\"wp-block-spacer\"><\/div>\n","protected":false},"excerpt":{"rendered":"<p>Avant de remplir le formulaire, nous vous invitons \u00e0 consulter la feuille de route post-2020 qui comprend une vision, six objectifs strat\u00e9giques et des recommandations sur la mani\u00e8re d&rsquo;atteindre ces objectifs. Par vos actions en cours ou pr\u00e9vues, vous contribuez peut-\u00eatre d\u00e9j\u00e0 \u00e0 faire avancer la feuille de route. A partir d&rsquo;aujourd&rsquo;hui, vous pouvez identifier [&hellip;]<\/p>\n","protected":false},"author":1,"featured_media":0,"parent":0,"menu_order":0,"comment_status":"closed","ping_status":"closed","template":"","meta":{"_eb_attr":"","footnotes":""},"class_list":["post-1956","page","type-page","status-publish","hentry"],"_links":{"self":[{"href":"https:\/\/www.medmpaforum.org\/fr\/wp-json\/wp\/v2\/pages\/1956","targetHints":{"allow":["GET"]}}],"collection":[{"href":"https:\/\/www.medmpaforum.org\/fr\/wp-json\/wp\/v2\/pages"}],"about":[{"href":"https:\/\/www.medmpaforum.org\/fr\/wp-json\/wp\/v2\/types\/page"}],"author":[{"embeddable":true,"href":"https:\/\/www.medmpaforum.org\/fr\/wp-json\/wp\/v2\/users\/1"}],"replies":[{"embeddable":true,"href":"https:\/\/www.medmpaforum.org\/fr\/wp-json\/wp\/v2\/comments?post=1956"}],"version-history":[{"count":5,"href":"https:\/\/www.medmpaforum.org\/fr\/wp-json\/wp\/v2\/pages\/1956\/revisions"}],"predecessor-version":[{"id":2009,"href":"https:\/\/www.medmpaforum.org\/fr\/wp-json\/wp\/v2\/pages\/1956\/revisions\/2009"}],"wp:attachment":[{"href":"https:\/\/www.medmpaforum.org\/fr\/wp-json\/wp\/v2\/media?parent=1956"}],"curies":[{"name":"wp","href":"https:\/\/api.w.org\/{rel}","templated":true}]}}